{"id":708,"date":"2020-05-04T09:07:07","date_gmt":"2020-05-04T09:07:07","guid":{"rendered":"https:\/\/www.euroxr-association.org\/conference2021\/?page_id=708"},"modified":"2022-05-19T13:54:37","modified_gmt":"2022-05-19T13:54:37","slug":"international-program-committee","status":"publish","type":"page","link":"https:\/\/www.euroxr-association.org\/conference2022\/international-program-committee\/","title":{"rendered":"International Program Committee"},"content":{"rendered":"\t\t<div data-elementor-type=\"wp-page\" data-elementor-id=\"708\" class=\"elementor elementor-708\">\n\t\t\t\t\t\t<section class=\"elementor-section elementor-top-section elementor-element elementor-element-cf43c5 elementor-section-stretched elementor-section-full_width elementor-section-height-default elementor-section-height-default\" data-id=\"cf43c5\" data-element_type=\"section\" data-e-type=\"section\" data-settings=\"{&quot;stretch_section&quot;:&quot;section-stretched&quot;}\">\n\t\t\t\t\t\t<div class=\"elementor-container elementor-column-gap-default\">\n\t\t\t\t\t<div class=\"elementor-column elementor-col-100 elementor-top-column elementor-element elementor-element-26499d49\" data-id=\"26499d49\" data-element_type=\"column\" data-e-type=\"column\">\n\t\t\t<div class=\"elementor-widget-wrap elementor-element-populated\">\n\t\t\t\t\t\t<div class=\"elementor-element elementor-element-5c77d0fc elementor-widget elementor-widget-heading\" data-id=\"5c77d0fc\" data-element_type=\"widget\" data-e-type=\"widget\" data-widget_type=\"heading.default\">\n\t\t\t\t<div class=\"elementor-widget-container\">\n\t\t\t\t\t<h2 class=\"elementor-heading-title elementor-size-default\">International Program Committee<\/h2>\t\t\t\t<\/div>\n\t\t\t\t<\/div>\n\t\t\t\t\t<\/div>\n\t\t<\/div>\n\t\t\t\t\t<\/div>\n\t\t<\/section>\n\t\t\t\t<section class=\"elementor-section elementor-top-section elementor-element elementor-element-7a8ac6b elementor-section-boxed elementor-section-height-default elementor-section-height-default\" data-id=\"7a8ac6b\" data-element_type=\"section\" data-e-type=\"section\">\n\t\t\t\t\t\t<div class=\"elementor-container elementor-column-gap-default\">\n\t\t\t\t\t<div class=\"elementor-column elementor-col-100 elementor-top-column elementor-element elementor-element-d033116\" data-id=\"d033116\" data-element_type=\"column\" data-e-type=\"column\">\n\t\t\t<div class=\"elementor-widget-wrap elementor-element-populated\">\n\t\t\t\t\t\t<div class=\"elementor-element elementor-element-e1afb9d elementor-widget elementor-widget-spacer\" data-id=\"e1afb9d\" data-element_type=\"widget\" data-e-type=\"widget\" data-widget_type=\"spacer.default\">\n\t\t\t\t<div class=\"elementor-widget-container\">\n\t\t\t\t\t\t\t<div class=\"elementor-spacer\">\n\t\t\t<div class=\"elementor-spacer-inner\"><\/div>\n\t\t<\/div>\n\t\t\t\t\t\t<\/div>\n\t\t\t\t<\/div>\n\t\t\t\t\t<\/div>\n\t\t<\/div>\n\t\t\t\t\t<\/div>\n\t\t<\/section>\n\t\t\t\t<section class=\"elementor-section elementor-top-section elementor-element elementor-element-c22b9f4 no-p-space elementor-section-boxed elementor-section-height-default elementor-section-height-default\" data-id=\"c22b9f4\" data-element_type=\"section\" data-e-type=\"section\">\n\t\t\t\t\t\t<div class=\"elementor-container elementor-column-gap-default\">\n\t\t\t\t\t<div class=\"elementor-column elementor-col-50 elementor-top-column elementor-element elementor-element-95b1f79\" data-id=\"95b1f79\" data-element_type=\"column\" data-e-type=\"column\">\n\t\t\t<div class=\"elementor-widget-wrap elementor-element-populated\">\n\t\t\t\t\t\t<div class=\"elementor-element elementor-element-10cb6c8 elementor-widget elementor-widget-text-editor\" data-id=\"10cb6c8\" data-element_type=\"widget\" data-e-type=\"widget\" data-widget_type=\"text-editor.default\">\n\t\t\t\t<div class=\"elementor-widget-container\">\n\t\t\t\t\t\t\t\t\t<p><strong>Alca\u00f1iz, Mariano<\/strong> (Universidad Polit\u00e9cnica Valencia-LabLENI, Spain)<\/p><p><strong>Amditis, Angelos<\/strong> (ICCS, Greece)<\/p><p><strong>Argelaguet, Ferran<\/strong> (Inria, Rennes, France)<\/p><p><strong>Arlati, Sara<\/strong> (Italian National Research Council, Italy)<\/p><p><strong>Blat, Josep<\/strong> (Universitat Pompeu Fabra, Spain)<\/p><p><strong>B\u00f6nsch, Andrea<\/strong> (RWTH Aachen University, Germany)<\/p><p><strong>Boulanger, Pierre<\/strong> (University of Alberta, Canada)<\/p><p><strong>Boulic, Ronan<\/strong> (EPFL, Switzerland)<\/p><p><strong>Bourdot, Patrick<\/strong> (Universit\u00e9 Paris-Saclay, CNRS, LISN, VENISE team, France)<\/p><p><strong>Capobianco, Antonio<\/strong> (Universit\u00e9 de Strasbourg, France)<\/p><p><strong>Castet, Julien<\/strong> (Immersion, France)<\/p><p><strong>Chen, Weiya<\/strong> (Huazhong University of Science and Technology, China)<\/p><p><strong>Chicchi Giglioli, Irene Alice<\/strong> (Universidad Polit\u00e9cnica Valencia-LabLENI, Spain)<\/p><p><strong>Cobb, Sue<\/strong> (University of Nottingham, United Kingdom)<\/p><p><strong>Coors, Volker<\/strong> (HFT Stuttgart, Germany)<\/p><p><strong>Cuevas-Rodr\u00edguez, Mar\u00eda<\/strong> (Universidad de M\u00e1laga, Spain)<\/p><p><strong>Dangelmaier, Manfred<\/strong> (Faunhofer IAO, Germany)<\/p><p><strong>De Antonio, Angelica<\/strong> (Universidad Politecnica de Madrid, Spain)<\/p><p><strong>De Paolis, Lucio<\/strong> (University of Salento, Italy)<\/p><p><strong>Duval, Thierry<\/strong> (IMT Atlantique, France)<\/p><p><strong>Eisert, Peter<\/strong> (Humboldt-Universit\u00e4t zu Berlin, Germany)<\/p><p><strong>Erkoyuncu, John Ahmet<\/strong> (Cranfield University, United Kingdom)<\/p><p><strong>Fern\u00e1ndez-Caballero, Antonio<\/strong> (Universidad Castilla La Mancha, Spain)<\/p><p><strong>Ferrer Hernandez, Manuel<\/strong> (Manusamo&amp;Bzika, Spain)<\/p><p><strong>Ferrise, Francesco<\/strong> (Politecnico di Milano, Italy)<\/p><p><strong>Floty\u0144ski, Jakub<\/strong> (Pozna\u0144 University of Economics and Business, Poland)<\/p><p><strong>Fujishiro, Issei<\/strong> (Keio University, Japan)<\/p><p><strong>Galvez, Akemi<\/strong> (Universidad de Cantabria, Spain)<\/p><p><strong>Gonzalez, Pascual<\/strong> (Universidad Castilla La Mancha, Spain)<\/p><p><strong>Gonzalez-Toledo, Daniel<\/strong> (University of Malaga, Spain)<\/p><p><strong>Gorbunov, Andrey<\/strong> (Aviareal, USA)<\/p><p><strong>Graf, Holger<\/strong> (Fraunhofer IGD, Germany)<\/p><p><strong>Gr\u00fcnvogel, Stefan<\/strong> (Cologne University, Germany)<\/p><p><strong>Guixeres, Jaime<\/strong> (Universidad Polit\u00e9cnica Valencia-LabLENI, Spain)<\/p><p><strong>H\u00e4fner, Polina<\/strong> (Karlsruhe Institute of Technology, Germany)<\/p><p><strong>Helin, Kaj<\/strong> (VTT Technical Research Centre of Finland Ltd, Finland)<\/p><p><strong>Hinkenjann, Andre<\/strong> (Bonn-Rhein-Sieg University, Germany)<\/p><p><strong>Hughes, Chris<\/strong> (Salford University, United Kingdom)<\/p><p><strong>Iglesias, Andres<\/strong> (Universidad de Cantabria, Spain)<\/p><p><strong>Interrante, Victoria<\/strong> (University of Minnesota, USA)<\/p><p><strong>Iwai, Daisuke<\/strong> (University of Osaka, Japan)<\/p><p><strong>Jankowski, Jacek<\/strong> (National University of Ireland Galway, Ireland)<\/p><p><strong>Jorge, Joaquim<\/strong> (Universidade de Lisboa, Portugal)<\/p><p><strong>Jung, Yvonne<\/strong> (Hochschule Fulda, Germany)<\/p><p><strong>Karaseitanidis, Ioannis<\/strong> (ICCS, Greece)<\/p><p><strong>Kato, Hirokazu<\/strong> (NAIST, Japan)<\/p><p><strong>Kloos, Uwe<\/strong> (Reutlingen University, Germany)<\/p><p><strong>Kopper, Regis<\/strong> (UNC Greensboro, USA)<\/p><p><strong>Kuhlen, Torsten<\/strong> (RWTH Aachen University, Germany)<\/p><p><strong>Kuts, Vladimir<\/strong> (Tallinn University of Technology, Estonia)<\/p><p><strong>Ladeveze, Nicolas<\/strong> (Universit\u00e9 Paris-Saclay, CNRS, LISN, VENISE team, France)<\/p><p><strong>Lamberti, Fabrizio<\/strong> (Politecnico di Milano, Italy)<\/p><p><strong>Lavoue, Guillaume<\/strong> (ENISE, Ecole Centrale de Lyon, LIRIS CNRS, France)<\/p><p><strong>Lim, Theo<\/strong> (Heriot-Watt University, United Kingdom)<\/p><p><strong>Lindeman, Rob<\/strong> (University of Canterbury, New Zealand)<\/p><p><strong>Llorens, Roberto<\/strong> (Universidad Polit\u00e9cnica Valencia-LabLENI, Spain)<\/p>\t\t\t\t\t\t\t\t<\/div>\n\t\t\t\t<\/div>\n\t\t\t\t\t<\/div>\n\t\t<\/div>\n\t\t\t\t<div class=\"elementor-column elementor-col-50 elementor-top-column elementor-element elementor-element-3c741d7\" data-id=\"3c741d7\" data-element_type=\"column\" data-e-type=\"column\">\n\t\t\t<div class=\"elementor-widget-wrap elementor-element-populated\">\n\t\t\t\t\t\t<div class=\"elementor-element elementor-element-1ebda46 elementor-widget elementor-widget-text-editor\" data-id=\"1ebda46\" data-element_type=\"widget\" data-e-type=\"widget\" data-widget_type=\"text-editor.default\">\n\t\t\t\t<div class=\"elementor-widget-container\">\n\t\t\t\t\t\t\t\t\t<p><strong>Lorenz, Mario<\/strong> (Chemnitz University of Technology., Germany)<\/p><p><strong>Lourdeaux, Domitle<\/strong> (UTC, France)<\/p><p><strong>Makino, Mitsunori<\/strong> (Chuo University, Japan)<\/p><p><strong>Mar\u00edn Morales, Javier<\/strong> (Universidad Polit\u00e9cnica Valencia-LabLENI, Spain)<\/p><p><strong>Masia, Belen<\/strong> (Universidad de Zaragoza, Spain)<\/p><p><strong>Medeiros, Daniel<\/strong> (University of Glasgow, United Kingdom)<\/p><p><strong>Meng, Xiaoxu<\/strong> (Tencent, China)<\/p><p><strong>Mesarosova, Alena<\/strong> (Universitat Polit\u00e8cnica de Val\u00e8ncia, Spain)<\/p><p><strong>Mestre, Daniel<\/strong> (CNRS, Marseille, France)<\/p><p><strong>Miyata, Kazunori<\/strong> (Japan Advanced Institute of Science and Technology, Japan)<\/p><p><strong>Molina Mass\u00f3, Jos\u00e9 Pascual<\/strong> (Universidad Castilla La Mancha, Spain)<\/p><p><strong>Molina-Tanco, Luis<\/strong> (University of Malaga, Spain, Spain)<\/p><p><strong>Moustakas, Konstantinos<\/strong> (University of Patras, Greece)<\/p><p><strong>Mura, Gianluca Marco<\/strong> (Politecnico di Milano, Italy)<\/p><p><strong>Nedel, Luciana<\/strong> (Federal University of Rio Grande do Sul (UFRGS), Brazil)<\/p><p><strong>Nickel, Peter<\/strong> (IFA, Germany)<\/p><p><strong>No\u00ebl, Fr\u00e9d\u00e9ric<\/strong> (Grenoble-INP, France)<\/p><p><strong>Olivier, Anne-H\u00e9l\u00e8ne<\/strong> (University Rennes 2, Inria, France)<\/p><p><strong>Paljic, Alexis<\/strong> (Mines ParisTech, France)<\/p><p><strong>Papaleo, Laura<\/strong> (Rensselaer Polytechnic Institute, France)<\/p><p><strong>Parra Vargas, Elena<\/strong> (Universidad Polit\u00e9cnica Valencia-LabLENI, Spain)<\/p><p><strong>Patane, Giuseppe<\/strong> (CNR-IMATI, Italy)<\/p><p><strong>Perret, Jerome<\/strong> (Haption, France)<\/p><p><strong>Picinali, Lorenzo<\/strong> (Imperial College, United Kingdom)<\/p><p><strong>Plopski, Alexander<\/strong> (NAIST, Japan)<\/p><p><strong>Popescu, Voicu<\/strong> (Purdue University, USA)<\/p><p><strong>Poyade, Matthieu<\/strong> (Glasgow School of Art, United Kingdom)<\/p><p><strong>Reiners, Dirk<\/strong> (University of Central Florida, United States)<\/p><p><strong>Reyes-Lecuona, Arcadio<\/strong> (University of Malaga, Spain, Spain)<\/p><p><strong>Ritchie, James<\/strong> (Heriot-Watt University, United Kingdom)<\/p><p><strong>Sacco, Marco<\/strong> (CNR-STIIMA, Italy)<\/p><p><strong>San Martin, Jose<\/strong> (URJC, Spain)<\/p><p><strong>Sandor, Christian<\/strong> (Paris-Saclay University, France)<\/p><p><strong>Settgast, Volker<\/strong> (Graz University of Technology, Austria)<\/p><p><strong>Soccini, Agata Marta<\/strong> (Universit\u00e0 degli Studi di Torino, Italy)<\/p><p><strong>Sommaruga, Lorenzo<\/strong> (Univ. of Applied Sciences of Southern Switzerland, Switzerland)<\/p><p><strong>Staadt, Oliver<\/strong> (University of Rostock, Germany)<\/p><p><strong>Steinicke, Frank<\/strong> (University of Hamburg, Germany)<\/p><p><strong>Terenzi, Alessandro<\/strong> (Inglobe Technologies, Italy)<\/p><p><strong>Thalmann, Daniel<\/strong> (EPFL, Switzerland)<\/p><p><strong>Thalmann, Nadia<\/strong> (University of Geneva, Switzerland)<\/p><p><strong>Thouvenin, Indira<\/strong> (University of Technology Compiegne, France)<\/p><p><strong>Toyoura, Masahiro<\/strong> (University of Yamanashi, Japan)<\/p><p><strong>Uchiyama, Hideaki<\/strong> (NAIST, Japan)<\/p><p><strong>Vezien, Jeanne<\/strong> (Universit\u00e9 Paris-Saclay, CNRS, LISN, VENISE team, France)<\/p><p><strong>Visintini, Domenico<\/strong> (University of Udine, Italy)<\/p><p><strong>Walczak, Krzysztof<\/strong> (Pozna\u0144 University of Economics and Business, Poland)<\/p><p><strong>Wallerg\u00e5rd, Mattias<\/strong> (Lund university, Sweden)<\/p><p><strong>Weiss, Armin<\/strong> (Advanced Realtime Tracking, Germany)<\/p><p><strong>Weissker, Tim<\/strong> (Bauhaus-Universit\u00e4t Weimar, Germany)<\/p><p><strong>Weller, Rene<\/strong> (University of Bremen, Germany)<\/p><p><strong>Xie, Ning<\/strong> (University of Electronic Science and Technology of China, China)<\/p><p><strong>Zachmann, Gabriel<\/strong> (University of Bremen, Germany)<\/p>\t\t\t\t\t\t\t\t<\/div>\n\t\t\t\t<\/div>\n\t\t\t\t\t<\/div>\n\t\t<\/div>\n\t\t\t\t\t<\/div>\n\t\t<\/section>\n\t\t\t\t<section class=\"elementor-section elementor-top-section elementor-element elementor-element-addba05 elementor-section-boxed elementor-section-height-default elementor-section-height-default\" data-id=\"addba05\" data-element_type=\"section\" data-e-type=\"section\">\n\t\t\t\t\t\t<div class=\"elementor-container elementor-column-gap-default\">\n\t\t\t\t\t<div class=\"elementor-column elementor-col-100 elementor-top-column elementor-element elementor-element-a227eab\" data-id=\"a227eab\" data-element_type=\"column\" data-e-type=\"column\">\n\t\t\t<div class=\"elementor-widget-wrap elementor-element-populated\">\n\t\t\t\t\t\t<div class=\"elementor-element elementor-element-4fba488 elementor-widget elementor-widget-spacer\" data-id=\"4fba488\" data-element_type=\"widget\" data-e-type=\"widget\" data-widget_type=\"spacer.default\">\n\t\t\t\t<div class=\"elementor-widget-container\">\n\t\t\t\t\t\t\t<div class=\"elementor-spacer\">\n\t\t\t<div class=\"elementor-spacer-inner\"><\/div>\n\t\t<\/div>\n\t\t\t\t\t\t<\/div>\n\t\t\t\t<\/div>\n\t\t\t\t\t<\/div>\n\t\t<\/div>\n\t\t\t\t\t<\/div>\n\t\t<\/section>\n\t\t\t\t<\/div>\n\t\t","protected":false},"excerpt":{"rendered":"<p>International Program Committee Alca\u00f1iz, Mariano (Universidad Polit\u00e9cnica Valencia-LabLENI, Spain) Amditis, Angelos (ICCS, Greece) Argelaguet, Ferran (Inria, Rennes, France) Arlati, Sara (Italian National Research Council, Italy) Blat, Josep (Universitat Pompeu Fabra, Spain) B\u00f6nsch, Andrea (RWTH Aachen University, Germany) Boulanger, Pierre (University of Alberta, Canada) Boulic, Ronan (EPFL, Switzerland) Bourdot, Patrick (Universit\u00e9 Paris-Saclay, CNRS, LISN, VENISE team, [&hellip;]<\/p>\n","protected":false},"author":5,"featured_media":0,"parent":0,"menu_order":0,"comment_status":"closed","ping_status":"closed","template":"","meta":{"_monsterinsights_skip_tracking":false,"_monsterinsights_sitenote_active":false,"_monsterinsights_sitenote_note":"","_monsterinsights_sitenote_category":0,"footnotes":""},"class_list":["post-708","page","type-page","status-publish","hentry"],"_links":{"self":[{"href":"https:\/\/www.euroxr-association.org\/conference2022\/wp-json\/wp\/v2\/pages\/708","targetHints":{"allow":["GET"]}}],"collection":[{"href":"https:\/\/www.euroxr-association.org\/conference2022\/wp-json\/wp\/v2\/pages"}],"about":[{"href":"https:\/\/www.euroxr-association.org\/conference2022\/wp-json\/wp\/v2\/types\/page"}],"author":[{"embeddable":true,"href":"https:\/\/www.euroxr-association.org\/conference2022\/wp-json\/wp\/v2\/users\/5"}],"replies":[{"embeddable":true,"href":"https:\/\/www.euroxr-association.org\/conference2022\/wp-json\/wp\/v2\/comments?post=708"}],"version-history":[{"count":127,"href":"https:\/\/www.euroxr-association.org\/conference2022\/wp-json\/wp\/v2\/pages\/708\/revisions"}],"predecessor-version":[{"id":3082,"href":"https:\/\/www.euroxr-association.org\/conference2022\/wp-json\/wp\/v2\/pages\/708\/revisions\/3082"}],"wp:attachment":[{"href":"https:\/\/www.euroxr-association.org\/conference2022\/wp-json\/wp\/v2\/media?parent=708"}],"curies":[{"name":"wp","href":"https:\/\/api.w.org\/{rel}","templated":true}]}}