{"id":598,"date":"2020-04-29T16:27:55","date_gmt":"2020-04-29T16:27:55","guid":{"rendered":"https:\/\/www.euroxr-association.org\/conference2021\/?page_id=598"},"modified":"2022-09-15T12:48:07","modified_gmt":"2022-09-15T12:48:07","slug":"detailed-program","status":"publish","type":"page","link":"https:\/\/www.euroxr-association.org\/conference2022\/detailed-program\/","title":{"rendered":"Detailed Program"},"content":{"rendered":"\t\t<div data-elementor-type=\"wp-page\" data-elementor-id=\"598\" class=\"elementor elementor-598\">\n\t\t\t\t\t\t<section class=\"elementor-section elementor-top-section elementor-element elementor-element-69e3ff5e elementor-section-stretched elementor-section-full_width elementor-section-height-default elementor-section-height-default\" data-id=\"69e3ff5e\" data-element_type=\"section\" data-e-type=\"section\" data-settings=\"{&quot;stretch_section&quot;:&quot;section-stretched&quot;}\">\n\t\t\t\t\t\t<div class=\"elementor-container elementor-column-gap-default\">\n\t\t\t\t\t<div class=\"elementor-column elementor-col-100 elementor-top-column elementor-element elementor-element-5958cb7a\" data-id=\"5958cb7a\" data-element_type=\"column\" data-e-type=\"column\">\n\t\t\t<div class=\"elementor-widget-wrap elementor-element-populated\">\n\t\t\t\t\t\t<div class=\"elementor-element elementor-element-23e1d9d0 elementor-widget elementor-widget-heading\" data-id=\"23e1d9d0\" data-element_type=\"widget\" data-e-type=\"widget\" data-widget_type=\"heading.default\">\n\t\t\t\t<div class=\"elementor-widget-container\">\n\t\t\t\t\t<h2 class=\"elementor-heading-title elementor-size-default\">Detailed Program<\/h2>\t\t\t\t<\/div>\n\t\t\t\t<\/div>\n\t\t\t\t\t<\/div>\n\t\t<\/div>\n\t\t\t\t\t<\/div>\n\t\t<\/section>\n\t\t\t\t<section class=\"elementor-section elementor-top-section elementor-element elementor-element-e69dd90 elementor-section-boxed elementor-section-height-default elementor-section-height-default\" data-id=\"e69dd90\" data-element_type=\"section\" data-e-type=\"section\">\n\t\t\t\t\t\t<div class=\"elementor-container elementor-column-gap-default\">\n\t\t\t\t\t<div class=\"elementor-column elementor-col-100 elementor-top-column elementor-element elementor-element-f4c5bcf\" data-id=\"f4c5bcf\" data-element_type=\"column\" data-e-type=\"column\">\n\t\t\t<div class=\"elementor-widget-wrap elementor-element-populated\">\n\t\t\t\t\t\t<div class=\"elementor-element elementor-element-4838c6b elementor-widget elementor-widget-text-editor\" data-id=\"4838c6b\" data-element_type=\"widget\" data-e-type=\"widget\" data-widget_type=\"text-editor.default\">\n\t\t\t\t<div class=\"elementor-widget-container\">\n\t\t\t\t\t\t\t\t\t<table style=\"height: 591px;\" width=\"1462\"><tbody><tr style=\"color: #eee; background: #133d73; border-color: #133d73;\"><td width=\"69\"><strong>DAY 1<\/strong><\/td><td width=\"551\"><strong>Wednesday, September 14<\/strong><\/td><\/tr><tr><td width=\"69\">07.00 h<\/td><td width=\"551\">build-up &amp; check<\/td><\/tr><tr><td width=\"69\">09.00 h<\/td><td width=\"551\"><strong>Welcomming<\/strong><\/td><\/tr><tr><td width=\"69\">09.30 h<\/td><td width=\"551\"><p><strong><strong>Keynote: <\/strong>Neuroscience of XR: Using Simulative Technologies for Hacking our Brain<strong><br \/><\/strong><\/strong>Guiseppe Riva<\/p><\/td><\/tr><tr><td width=\"69\">10.30 h<\/td><td width=\"551\">Coffee break<\/td><\/tr><tr><td width=\"69\">11.00 h<\/td><td width=\"551\"><p><strong>Scientific Session 1: XR and Neurodevelopmental Disorders <\/strong>(Chair: Mariano Luis Alca\u00f1iz-Raya)<\/p><ul><li>Bauer, Bouchara, Duris, Labossi\u00e8re, Cl\u00e9ment, Bourdot. <strong>Evaluating the Acceptability and<\/strong> <strong>Usability of a Head-Mounted Augmented Reality Approach for Autistic Children With High Support Needs <\/strong>(30 min.)<\/li><li>Gattullo, Laviola, Uva. <strong>Exploiting Augmented Reality in LEGO Therapy for Children with Autism Spectrum Disorder<\/strong> (20min.)<\/li><\/ul><\/td><\/tr><tr><td width=\"69\">12.00 h<\/td><td width=\"551\">Lunch break &#8211; EuroXR Executive Committee meeting<\/td><\/tr><tr><td width=\"69\">13.00 h<\/td><td width=\"551\"><p><strong>Scientific Session 2: Algorithms for XR<\/strong> (Chair: Urs K\u00fcnzler)<\/p><ul><li>Fischer, M\u00fchlenbrock, Kulapichitr, Uslar, Zachmann. <strong>Evaluation of Point Cloud Streaming and Rendering for VR-based Telepresence in the OR<\/strong> (30 min.)<\/li><li>Lin, Popescu. <strong>Fast Intra-Frame Video Splicing for Occlusion Removal in Diminished Reality<\/strong> (30 min.)<\/li><li>Katika, Bolierakis, Vasilopoulos, Antonopoulos, Tsimiklis, Karaseitanidis, Amditis. <strong>Coupling AR with object detection neural networks for end-user<\/strong> <strong>engagement<\/strong> (20 min.)<\/li><\/ul><\/td><\/tr><tr><td width=\"69\">14.30 h<\/td><td width=\"551\">Coffee break<\/td><\/tr><tr><td width=\"69\">15.00 h<\/td><td width=\"551\"><p><strong>Application session<\/strong> 1<strong> &#8211; Special session: XR Based GUI Concept and its applications for BIM Digital Twin Data Visualization<\/strong> (Chair: Gabor Sziebig)<\/p><ul><li>Kaj Helin, Vladimir Goriachev, Jaakko Karjalainen, Timo Kuula, Marja Liinasuo and Matthias Aust. <strong>BIM digital twin visualization in XR \u2013 Novel GUI concept<\/strong> (15 min.)<\/li><li>Ruprecht Altenburger and Dag Edvardsen. <strong>Storing, Maintaining &amp; Updating the Digital Twin<\/strong> (15 min.)<\/li><li>J\u00f6rg Frohnmayer, Frank Sulzmann, Matthias Aust, Jan-Filip Kvrgic, Ren\u00e9 Hellmuth and Cora Lenz. <strong>BIM@SiteOffice: Comparing IFC and point clouds in Multiuser VR \u2013 Workflows and Tools<\/strong> (15 min.)<\/li><li>Matthias Aust, Melissa Otto, Julius Schippert, Kaj Helin, Marja Liinasuo and Timo Kuula. <strong>Evaluation of BIMprove XR User Interfaces<\/strong> (15 min.)<\/li><\/ul><\/td><\/tr><tr><td width=\"69\">16.30 h<\/td><td width=\"551\">Coffee break<\/td><\/tr><tr><td width=\"69\">17.00 h<\/td><td width=\"551\"><p><strong>Poster &amp; Demo Fast Forward (2 minutes for each presentation of posters and\/or demos)\u00a0<\/strong>(Chair: Fr\u00e9d\u00e9ric N\u00f6el)<\/p><h6><span style=\"text-decoration: underline;\">Scientific Posters<\/span><\/h6><ul><li>Sch\u00e4fer, Reis, Stricker. <strong>Controlling Continuous Locomotion in Virtual Reality With Bare Hands using Hand Gestures<\/strong><\/li><li>Farella, Arrigo, Seta, Chifari, Tosto, Taibi, Goei, Pronk, Mangina, Denaro, Dhrami, Chiazzese. <strong>An Augmented Reality solution for the Positive Behaviour Intervention and Support<\/strong><\/li><li>Kostyk, Dessart, Cowan. <strong>The Reality of Virtual Experiences: Semantic and Epi-sodic Memory Formation in VR<\/strong><\/li><\/ul><h6><span style=\"text-decoration: underline;\">Application Posters<\/span><\/h6><ul><li>Kayo Kimura and Toshiyuki Amano. <strong>Perceptual BRDF manipulation by 4-Degree of Freedom Light Field Projection using Multiple Mirrors and Projectors<\/strong><\/li><li>Eleftherios Anastasovitis, Georgia Georgiou, Spiros Nikolopoulos and Ioannis Kompatsiaris. <strong>A storyliving virtual museum: EPANASTASIS-1821<\/strong><\/li><li>Eleftherios Anastasovitis, Electra Tsaknaki, Georgia Georgiou, Spiros Nikolopoulos and Ioannis Kompatsiaris. <strong>ECHOES from the past through immersive technologies and creative industry<\/strong><\/li><li>Madhawa Perera, Armin Haller, Matt Adcock and Tom Gedeon. <strong>Gesture Profiles: Personalized Gesture Interaction with Augmented Reality<\/strong><\/li><li>Toshiyuki Amano and Raichi Kubo. <strong>Reproduction of Multiple Mirror-Based Arbitrary Lighting Environment<\/strong><\/li><\/ul><h6><span style=\"text-decoration: underline;\">Demos<\/span><\/h6><ul><li>Markus Wellmann. <strong>Live demo and business case of FIREDRILL &#8211; AR evacuation exercises<\/strong><\/li><li>Clement Dluzniewski, J\u00e9r\u00e9mie Le Garrec, Claude Andriot and Fr\u00e9d\u00e9ric No\u00ebl. <strong>Interacting with 3D Avatars and Laser Pointers in a 360\u00b0 Image<\/strong><\/li><li>Jonas Deuchler and Matthias W\u00f6lfel. <strong>The Immersive Virtual Reality Classroom: Teaching VR inside VR<\/strong><\/li><\/ul><\/td><\/tr><tr><td width=\"69\">18.00 h<\/td><td width=\"551\">END of DAY 1<\/td><\/tr><tr><td width=\"69\">18.00 h<\/td><td width=\"551\">XR Week Networking Event (Regular XR Week ticket needed for admission)<\/td><\/tr><\/tbody><\/table><h3>\u00a0<\/h3>\t\t\t\t\t\t\t\t<\/div>\n\t\t\t\t<\/div>\n\t\t\t\t\t<\/div>\n\t\t<\/div>\n\t\t\t\t\t<\/div>\n\t\t<\/section>\n\t\t\t\t<section class=\"elementor-section elementor-top-section elementor-element elementor-element-169a90a elementor-section-boxed elementor-section-height-default elementor-section-height-default\" data-id=\"169a90a\" data-element_type=\"section\" data-e-type=\"section\">\n\t\t\t\t\t\t<div class=\"elementor-container elementor-column-gap-default\">\n\t\t\t\t\t<div class=\"elementor-column elementor-col-100 elementor-top-column elementor-element elementor-element-b7ee17d\" data-id=\"b7ee17d\" data-element_type=\"column\" data-e-type=\"column\">\n\t\t\t<div class=\"elementor-widget-wrap elementor-element-populated\">\n\t\t\t\t\t\t<div class=\"elementor-element elementor-element-1bfc636 elementor-widget elementor-widget-text-editor\" data-id=\"1bfc636\" data-element_type=\"widget\" data-e-type=\"widget\" data-widget_type=\"text-editor.default\">\n\t\t\t\t<div class=\"elementor-widget-container\">\n\t\t\t\t\t\t\t\t\t<table width=\"620\"><tbody><tr style=\"color: #eee; background: #133d73; border-color: #133d73;\"><td width=\"69\"><strong>DAY 2<\/strong><\/td><td width=\"551\"><strong>Thursday, September 15<\/strong><\/td><\/tr><tr><td width=\"69\">09.00 h<\/td><td width=\"551\"><p><strong>Keynote: The Future of UI in XR<\/strong><\/p><p>Bruce Thomas<\/p><\/td><\/tr><tr><td width=\"69\">10.00 h<\/td><td width=\"551\"><p><strong>Scientific Session 3: XR Interaction<\/strong> (Chair: Arcadio Reyes-Lecuona)<\/p><ul><li>Si-Mohammed, Haumont, Sanchez, Plapous, Bouchnak, Javaudin, Lecuyer. <strong>Designing Functional Prototypes Combining BCI and AR for Home Automation<\/strong> (30 min.)<\/li><li>Mei, Yang, Xu. <strong>SightX: A 3D Selection Technique for XR<\/strong> (20 min.)<\/li><li>Alce, Alm, Tyllstr\u00f6m, Smoker, Niehorster. <strong>Design and Evaluation of Three User Interfaces for Detecting Unmanned Aerial Vehicles Using Virtual Reality<\/strong> (20 min.)<\/li><\/ul><\/td><\/tr><tr><td width=\"69\">11.10 h<\/td><td width=\"551\"><p><strong>Poster &amp; Demo Session<\/strong><\/p><h6><span style=\"text-decoration: underline;\">Scientific Posters<\/span><\/h6><ul><li>Sch\u00e4fer, Reis, Stricker. <strong>Controlling Continuous Locomotion in Virtual Reality With Bare Hands using Hand Gestures<\/strong><\/li><li>Farella, Arrigo, Seta, Chifari, Tosto, Taibi, Goei, Pronk, Mangina, Denaro, Dhrami, Chiazzese. <strong>An Augmented Reality solution for the Positive Behaviour Intervention and Support<\/strong><\/li><li>Kostyk, Dessart, Cowan. <strong>The Reality of Virtual Experiences: Semantic and Epi-sodic Memory Formation in VR<\/strong><\/li><\/ul><h6><span style=\"text-decoration: underline;\">Application Posters<\/span><\/h6><ul><li>Kayo Kimura and Toshiyuki Amano. <strong>Perceptual BRDF manipulation by 4-Degree of Freedom Light Field Projection using Multiple Mirrors and Projectors<\/strong><\/li><li>Eleftherios Anastasovitis, Georgia Georgiou, Spiros Nikolopoulos and Ioannis Kompatsiaris. <strong>A storyliving virtual museum: EPANASTASIS-1821<\/strong><\/li><li>Eleftherios Anastasovitis, Electra Tsaknaki, Georgia Georgiou, Spiros Nikolopoulos and Ioannis Kompatsiaris. <strong>ECHOES from the past through immersive technologies and creative industry<\/strong><\/li><li>Madhawa Perera, Armin Haller, Matt Adcock and Tom Gedeon. <strong>Gesture Profiles: Personalized Gesture Interaction with Augmented Reality<\/strong><\/li><li>Toshiyuki Amano and Raichi Kubo. <strong>Reproduction of Multiple Mirror-Based Arbitrary Lighting Environment<\/strong><\/li><\/ul><h6><strong><span style=\"text-decoration: underline;\">Demos<\/span>\u00a0<\/strong><\/h6><ul><li>Markus Wellmann. <strong>Live demo and business case of FIREDRILL &#8211; AR evacuation exercises<\/strong><\/li><li>Clement Dluzniewski, J\u00e9r\u00e9mie Le Garrec, Claude Andriot and Fr\u00e9d\u00e9ric No\u00ebl. <strong>Interacting with 3D Avatars and Laser Pointers in a 360\u00b0 Image<\/strong><\/li><li>Jonas Deuchler and Matthias W\u00f6lfel. <strong>The Immersive Virtual Reality Classroom: Teaching VR inside VR<\/strong><\/li><\/ul><\/td><\/tr><tr><td width=\"69\">12.30 h<\/td><td width=\"551\">Lunch break<\/td><\/tr><tr><td width=\"69\">13.30 h<\/td><td width=\"551\"><p><strong><strong>Keynote:<\/strong> Digital Twin with Unity3D<\/strong><\/p><p>Simon Nagel<\/p><\/td><\/tr><tr><td width=\"69\">14.30 h<\/td><td width=\"551\"><p><strong>Application Session 2<\/strong> (Chair: Manfred Dangelmaier)<\/p><ul><li>Uli Meyer, Jonathan Becker, Thomas M\u00fcller, Susanne Draheim and Kai von Luck. <strong>User centered interaction &amp; environment design for large scale virtual training environments (VTE)<\/strong> (15 min.)<\/li><li>Hugo Porquet, Thierry Blandet, Sandro Varano and Nicolas Vergnes. <strong>Daylighting simulation in virtual reality for architecture<\/strong> (15 min.)<\/li><li>Isaline Bisson, Morad Mahdjoub, Mohsen Zare, Jean-Claude Sagot, Fr\u00e9d\u00e9ric Goutaudier and Franck Ravier. <strong>Immersive Professional Training for the Textile Industry<\/strong> (15 min.)<\/li><li>Mariano Guida and Paolo Leoncini. <strong>Full-body avatar representation for interior design evaluation experiences<\/strong> (15 min.)<\/li><\/ul><\/td><\/tr><tr><td width=\"69\">16.00 h<\/td><td width=\"551\">Coffee break<\/td><\/tr><tr><td width=\"69\">16.30 h<\/td><td width=\"551\"><p><strong>XR Open Forum: VR in Rehabilitation, the complexity of developments and implementation, evidence-based XR use in healthcare<\/strong> (Chair: Gabriel Zachmann)<\/p><p>Guest speaker: Remco Hoogendijk (VR4REHAB)<\/p><\/td><\/tr><tr><td width=\"69\">18.00 h<\/td><td width=\"551\"><span data-sheets-value=\"{\" data-sheets-userformat=\"{\" data-sheets-textstyleruns=\"{\"><strong>EuroXR General Assembly<\/strong><\/span><\/td><\/tr><tr><td width=\"69\">20.00 h<\/td><td width=\"551\">End of DAY 2<\/td><\/tr><\/tbody><\/table>\t\t\t\t\t\t\t\t<\/div>\n\t\t\t\t<\/div>\n\t\t\t\t\t<\/div>\n\t\t<\/div>\n\t\t\t\t\t<\/div>\n\t\t<\/section>\n\t\t\t\t<section class=\"elementor-section elementor-top-section elementor-element elementor-element-351b7b8 elementor-section-boxed elementor-section-height-default elementor-section-height-default\" data-id=\"351b7b8\" data-element_type=\"section\" data-e-type=\"section\">\n\t\t\t\t\t\t<div class=\"elementor-container elementor-column-gap-default\">\n\t\t\t\t\t<div class=\"elementor-column elementor-col-100 elementor-top-column elementor-element elementor-element-a5fd7b4\" data-id=\"a5fd7b4\" data-element_type=\"column\" data-e-type=\"column\">\n\t\t\t<div class=\"elementor-widget-wrap elementor-element-populated\">\n\t\t\t\t\t\t<div class=\"elementor-element elementor-element-bd86a4d elementor-widget elementor-widget-text-editor\" data-id=\"bd86a4d\" data-element_type=\"widget\" data-e-type=\"widget\" data-widget_type=\"text-editor.default\">\n\t\t\t\t<div class=\"elementor-widget-container\">\n\t\t\t\t\t\t\t\t\t<table width=\"620\"><tbody><tr style=\"color: #eee; background: #133d73; border-color: #133d73;\"><td width=\"69\"><strong>DAY 3<\/strong><\/td><td width=\"551\"><strong>Friday, September 16<\/strong><\/td><\/tr><tr><td width=\"69\">09.00 h<\/td><td width=\"551\"><p><strong><strong>Keynote: Strategies for Designing and Evaluating Mixed Reality Experiences<\/strong><\/strong><\/p><p>Anthony Steed<\/p><\/td><\/tr><tr><td width=\"69\">10.00 h<\/td><td width=\"551\">Coffee break<\/td><\/tr><tr><td width=\"69\">10.30 h<\/td><td width=\"551\"><p><strong>Application Session 3<\/strong> (Chair: J\u00e9r\u00f4me Perret)<\/p><ul><li>Victor Roeck, Nicolas Arbor, Thierry Blandet and Quentin Misslin. <strong>Emera, a virtual reality radiation protection training platform<\/strong> (15 min.)<\/li><li>Mario Lorenz, Sebastian Knopp and Philipp Klimant. <strong>Development, Deployment and Evaluation of Augmented Reality Maintenance Support Applications<\/strong> (15 min.)<\/li><li>Taana Rose. <strong>Creating opera utilising augmented reality and virtual reality technologies<\/strong> (15 min.)<\/li><li>Muhammad Alfakhori, Habiburrahman Dastageeri, Sven Schneider and Volker Coors. <strong>Using 3D City Models as an Occlusion Mask to Overcome the Hololens Limited Scanning Range for Outdoor AR-Applications<\/strong> (15 min.)<\/li><\/ul><\/td><\/tr><tr><td width=\"69\">12.00 h<\/td><td width=\"551\"><p><strong>Scientific Session 4: Modelling Scenes for XR<\/strong> (Chair: Voicu Popescu)<\/p><ul><li>Salpisti, de Clerk, Hinz, Henkies, Klinker. <strong>A Procedural Building Generator based on Real-World Data Enabling Designers to Create Context for XR Automotive Design Experiences<\/strong> (30 min.)<\/li><li>T\u00fcmmers, Kemper, Fuhrmann. <strong>Generating VR meeting rooms with non-rectangular floor plans using cost optimization and hard constraints<\/strong> (30 min.)<\/li><\/ul><\/td><\/tr><tr><td width=\"69\">13.00 h<\/td><td width=\"551\"><strong>Closing session and awards<\/strong><\/td><\/tr><tr><td width=\"69\">14.00 h<\/td><td width=\"551\">Lunch break<\/td><\/tr><\/tbody><\/table>\t\t\t\t\t\t\t\t<\/div>\n\t\t\t\t<\/div>\n\t\t\t\t\t<\/div>\n\t\t<\/div>\n\t\t\t\t\t<\/div>\n\t\t<\/section>\n\t\t\t\t<\/div>\n\t\t","protected":false},"excerpt":{"rendered":"<p>Detailed Program DAY 1 Wednesday, September 14 07.00 h build-up &amp; check 09.00 h Welcomming 09.30 h Keynote: Neuroscience of XR: Using Simulative Technologies for Hacking our BrainGuiseppe Riva 10.30 h Coffee break 11.00 h Scientific Session 1: XR and Neurodevelopmental Disorders (Chair: Mariano Luis Alca\u00f1iz-Raya) Bauer, Bouchara, Duris, Labossi\u00e8re, Cl\u00e9ment, Bourdot. Evaluating the Acceptability [&hellip;]<\/p>\n","protected":false},"author":5,"featured_media":0,"parent":0,"menu_order":0,"comment_status":"closed","ping_status":"closed","template":"","meta":{"_monsterinsights_skip_tracking":false,"_monsterinsights_sitenote_active":false,"_monsterinsights_sitenote_note":"","_monsterinsights_sitenote_category":0,"footnotes":""},"class_list":["post-598","page","type-page","status-publish","hentry"],"_links":{"self":[{"href":"https:\/\/www.euroxr-association.org\/conference2022\/wp-json\/wp\/v2\/pages\/598","targetHints":{"allow":["GET"]}}],"collection":[{"href":"https:\/\/www.euroxr-association.org\/conference2022\/wp-json\/wp\/v2\/pages"}],"about":[{"href":"https:\/\/www.euroxr-association.org\/conference2022\/wp-json\/wp\/v2\/types\/page"}],"author":[{"embeddable":true,"href":"https:\/\/www.euroxr-association.org\/conference2022\/wp-json\/wp\/v2\/users\/5"}],"replies":[{"embeddable":true,"href":"https:\/\/www.euroxr-association.org\/conference2022\/wp-json\/wp\/v2\/comments?post=598"}],"version-history":[{"count":108,"href":"https:\/\/www.euroxr-association.org\/conference2022\/wp-json\/wp\/v2\/pages\/598\/revisions"}],"predecessor-version":[{"id":3313,"href":"https:\/\/www.euroxr-association.org\/conference2022\/wp-json\/wp\/v2\/pages\/598\/revisions\/3313"}],"wp:attachment":[{"href":"https:\/\/www.euroxr-association.org\/conference2022\/wp-json\/wp\/v2\/media?parent=598"}],"curies":[{"name":"wp","href":"https:\/\/api.w.org\/{rel}","templated":true}]}}