{"id":392,"date":"2020-04-28T07:27:17","date_gmt":"2020-04-28T07:27:17","guid":{"rendered":"https:\/\/www.euroxr-association.org\/conference2021\/?page_id=392"},"modified":"2022-03-21T20:07:12","modified_gmt":"2022-03-21T20:07:12","slug":"committees-chairs","status":"publish","type":"page","link":"https:\/\/www.euroxr-association.org\/conference2022\/committees-chairs\/","title":{"rendered":"Committees Chairs"},"content":{"rendered":"\t\t<div data-elementor-type=\"wp-page\" data-elementor-id=\"392\" class=\"elementor elementor-392\">\n\t\t\t\t\t\t<section class=\"elementor-section elementor-top-section elementor-element elementor-element-210b5f3 elementor-section-stretched elementor-section-full_width elementor-section-height-default elementor-section-height-default\" data-id=\"210b5f3\" data-element_type=\"section\" data-e-type=\"section\" data-settings=\"{&quot;stretch_section&quot;:&quot;section-stretched&quot;}\">\n\t\t\t\t\t\t<div class=\"elementor-container elementor-column-gap-default\">\n\t\t\t\t\t<div class=\"elementor-column elementor-col-100 elementor-top-column elementor-element elementor-element-d28ca58\" data-id=\"d28ca58\" data-element_type=\"column\" data-e-type=\"column\">\n\t\t\t<div class=\"elementor-widget-wrap elementor-element-populated\">\n\t\t\t\t\t\t<div class=\"elementor-element elementor-element-8155dee elementor-widget elementor-widget-heading\" data-id=\"8155dee\" data-element_type=\"widget\" data-e-type=\"widget\" data-widget_type=\"heading.default\">\n\t\t\t\t<div class=\"elementor-widget-container\">\n\t\t\t\t\t<h2 class=\"elementor-heading-title elementor-size-default\">Committees Chairs<\/h2>\t\t\t\t<\/div>\n\t\t\t\t<\/div>\n\t\t\t\t\t<\/div>\n\t\t<\/div>\n\t\t\t\t\t<\/div>\n\t\t<\/section>\n\t\t\t\t<section class=\"elementor-section elementor-top-section elementor-element elementor-element-ff04675 elementor-section-boxed elementor-section-height-default elementor-section-height-default\" data-id=\"ff04675\" data-element_type=\"section\" data-e-type=\"section\">\n\t\t\t\t\t\t<div class=\"elementor-container elementor-column-gap-default\">\n\t\t\t\t\t<div class=\"elementor-column elementor-col-100 elementor-top-column elementor-element elementor-element-46439d5\" data-id=\"46439d5\" data-element_type=\"column\" data-e-type=\"column\">\n\t\t\t<div class=\"elementor-widget-wrap elementor-element-populated\">\n\t\t\t\t\t\t<div class=\"elementor-element elementor-element-d6f0a7f elementor-widget elementor-widget-spacer\" data-id=\"d6f0a7f\" data-element_type=\"widget\" data-e-type=\"widget\" data-widget_type=\"spacer.default\">\n\t\t\t\t<div class=\"elementor-widget-container\">\n\t\t\t\t\t\t\t<div class=\"elementor-spacer\">\n\t\t\t<div class=\"elementor-spacer-inner\"><\/div>\n\t\t<\/div>\n\t\t\t\t\t\t<\/div>\n\t\t\t\t<\/div>\n\t\t\t\t\t<\/div>\n\t\t<\/div>\n\t\t\t\t\t<\/div>\n\t\t<\/section>\n\t\t\t\t<section class=\"elementor-section elementor-top-section elementor-element elementor-element-3d20dea no-p-space elementor-section-boxed elementor-section-height-default elementor-section-height-default\" data-id=\"3d20dea\" data-element_type=\"section\" data-e-type=\"section\">\n\t\t\t\t\t\t<div class=\"elementor-container elementor-column-gap-default\">\n\t\t\t\t\t<div class=\"elementor-column elementor-col-50 elementor-top-column elementor-element elementor-element-97b2c53\" data-id=\"97b2c53\" data-element_type=\"column\" data-e-type=\"column\">\n\t\t\t<div class=\"elementor-widget-wrap elementor-element-populated\">\n\t\t\t\t\t\t<div class=\"elementor-element elementor-element-1b19892 elementor-widget elementor-widget-text-editor\" data-id=\"1b19892\" data-element_type=\"widget\" data-e-type=\"widget\" data-widget_type=\"text-editor.default\">\n\t\t\t\t<div class=\"elementor-widget-container\">\n\t\t\t\t\t\t\t\t\t<h3><span style=\"font-family: Ubuntu;\"><strong>General Chairs\u00a0<\/strong><\/span><\/h3><p><b>Christoph Runde <\/b>(VDT, Germany)<\/p><p><strong>Kiyoshy Kiokawa<\/strong> (Osaka University, Japan)<\/p><p><b>Frank Steinicke <\/b>(University of Hamburg, Germany)<\/p>\t\t\t\t\t\t\t\t<\/div>\n\t\t\t\t<\/div>\n\t\t\t\t<div class=\"elementor-element elementor-element-7835a63 elementor-widget elementor-widget-text-editor\" data-id=\"7835a63\" data-element_type=\"widget\" data-e-type=\"widget\" data-widget_type=\"text-editor.default\">\n\t\t\t\t<div class=\"elementor-widget-container\">\n\t\t\t\t\t\t\t\t\t<h3><span style=\"font-family: Ubuntu;\"><strong>Scientific Program Chairs\u00a0<\/strong><\/span><\/h3><p><b>Mariano Alca\u00f1iz Raya <\/b><span style=\"font-weight: 400;\">(LabLENI\/UPV, Spain)<\/span><\/p><p><b>Patrick Bourdot<\/b><span style=\"font-weight: 400;\"> (University Paris-Saclay, VENISE team, France)<\/span><\/p><p><span style=\"font-weight: 400;\"><strong>Maud Marchal<\/strong> (IRISA-INSA Rennes, France)<\/span><\/p><p><strong>Jeanine Stefannuci\u00a0<\/strong>(University of Utah, USA)<\/p><p><span style=\"font-weight: 400;\"><strong>Xubo Yang<\/strong> (Shanghai Jiao Tong University, China)<\/span><\/p><p><span style=\"font-weight: 400;\"><strong>Gabriel Zachmann<\/strong> (University of Bremen, Germany)<\/span><\/p><p>\u00a0<\/p>\t\t\t\t\t\t\t\t<\/div>\n\t\t\t\t<\/div>\n\t\t\t\t\t<\/div>\n\t\t<\/div>\n\t\t\t\t<div class=\"elementor-column elementor-col-50 elementor-top-column elementor-element elementor-element-306b610\" data-id=\"306b610\" data-element_type=\"column\" data-e-type=\"column\">\n\t\t\t<div class=\"elementor-widget-wrap elementor-element-populated\">\n\t\t\t\t\t\t<div class=\"elementor-element elementor-element-a1a1b16 elementor-widget elementor-widget-text-editor\" data-id=\"a1a1b16\" data-element_type=\"widget\" data-e-type=\"widget\" data-widget_type=\"text-editor.default\">\n\t\t\t\t<div class=\"elementor-widget-container\">\n\t\t\t\t\t\t\t\t\t<h3><span style=\"font-family: Ubuntu;\"><strong>Application Program Chairs\u00a0<\/strong><\/span><\/h3><p><b>Arcadio Reyes-Lecuona <span style=\"font-weight: 400;\">(University of Malaga, Spain)<\/span><\/b><\/p><p><b>Manfred Dangelmaier<\/b> (Fraunhofer IAO, Universit\u00e4t Stuttgart IAT, Germany)<\/p><p><b>Kaj Helin <\/b><span style=\"font-weight: 400;\">(VTT, Finland)<\/span><\/p><p><b>J\u00e9r\u00f4me Perret <\/b><span style=\"font-weight: 400;\">(Haption, France &amp; Germany)<\/span><\/p><p><strong>Nicholas Polys\u00a0<\/strong>(Virginia Tech, USA)<\/p><p><strong>Wolfgang Sch\u00e4fer <\/strong>(ZHAW School of Management and Law, Switzerland)<\/p>\t\t\t\t\t\t\t\t<\/div>\n\t\t\t\t<\/div>\n\t\t\t\t<div class=\"elementor-element elementor-element-0731c48 elementor-widget elementor-widget-text-editor\" data-id=\"0731c48\" data-element_type=\"widget\" data-e-type=\"widget\" data-widget_type=\"text-editor.default\">\n\t\t\t\t<div class=\"elementor-widget-container\">\n\t\t\t\t\t\t\t\t\t<h3><span style=\"font-family: Ubuntu;\"><strong>Demo and Exhibition Chairs<small>\u00a0<\/small><\/strong><\/span><\/h3><p><b>Fr\u00e9d\u00e9ric No\u00ebl\u00a0<\/b>(Grenoble Institute of Technology, France)<\/p><p><b>Matthieu Poyade <\/b><span style=\"font-weight: 400;\">(Glasgow School of Art, UK)<\/span><\/p><p><b>Giannis Karaseitanidis <\/b><span style=\"font-weight: 400;\">(ICCS, Greece)<\/span><\/p><p><span style=\"font-weight: 400;\"><strong>Kayvan Mirza<\/strong> (Optinvent)<\/span><\/p>\t\t\t\t\t\t\t\t<\/div>\n\t\t\t\t<\/div>\n\t\t\t\t\t<\/div>\n\t\t<\/div>\n\t\t\t\t\t<\/div>\n\t\t<\/section>\n\t\t\t\t<section class=\"elementor-section elementor-top-section elementor-element elementor-element-7e9c0a1 elementor-section-boxed elementor-section-height-default elementor-section-height-default\" data-id=\"7e9c0a1\" data-element_type=\"section\" data-e-type=\"section\">\n\t\t\t\t\t\t<div class=\"elementor-container elementor-column-gap-default\">\n\t\t\t\t\t<div class=\"elementor-column elementor-col-100 elementor-top-column elementor-element elementor-element-2893d49\" data-id=\"2893d49\" data-element_type=\"column\" data-e-type=\"column\">\n\t\t\t<div class=\"elementor-widget-wrap elementor-element-populated\">\n\t\t\t\t\t\t<div class=\"elementor-element elementor-element-b2c7b14 elementor-widget elementor-widget-text-editor\" data-id=\"b2c7b14\" data-element_type=\"widget\" data-e-type=\"widget\" data-widget_type=\"text-editor.default\">\n\t\t\t\t<div class=\"elementor-widget-container\">\n\t\t\t\t\t\t\t\t\t<h3><span style=\"font-family: Ubuntu;\"><strong>Organisation Team<small>\u00a0<\/small><\/strong><\/span><\/h3><p><b>VDC &#8211;<\/b> Christoph Runde, Di\u00e1na Kretschmar, Ioannis Alexiadis, Vitor Macedo, Jonas Gr\u00f6pl<b><br \/>EuroXR &#8211; <\/b>Patrick Bourdot, Mariano Alcaniz Raya, Arcadio Reyes-Lecuona, Fr\u00e9d\u00e9ric No\u00ebl, Gabriel Zachmann<\/p>\t\t\t\t\t\t\t\t<\/div>\n\t\t\t\t<\/div>\n\t\t\t\t\t<\/div>\n\t\t<\/div>\n\t\t\t\t\t<\/div>\n\t\t<\/section>\n\t\t\t\t<\/div>\n\t\t","protected":false},"excerpt":{"rendered":"<p>Committees Chairs General Chairs\u00a0 Christoph Runde (VDT, Germany) Kiyoshy Kiokawa (Osaka University, Japan) Frank Steinicke (University of Hamburg, Germany) Scientific Program Chairs\u00a0 Mariano Alca\u00f1iz Raya (LabLENI\/UPV, Spain) Patrick Bourdot (University Paris-Saclay, VENISE team, France) Maud Marchal (IRISA-INSA Rennes, France) Jeanine Stefannuci\u00a0(University of Utah, USA) Xubo Yang (Shanghai Jiao Tong University, China) Gabriel Zachmann (University of [&hellip;]<\/p>\n","protected":false},"author":5,"featured_media":0,"parent":0,"menu_order":0,"comment_status":"closed","ping_status":"closed","template":"page-templates\/template-builder.php","meta":{"_monsterinsights_skip_tracking":false,"_monsterinsights_sitenote_active":false,"_monsterinsights_sitenote_note":"","_monsterinsights_sitenote_category":0,"footnotes":""},"class_list":["post-392","page","type-page","status-publish","hentry"],"_links":{"self":[{"href":"https:\/\/www.euroxr-association.org\/conference2022\/wp-json\/wp\/v2\/pages\/392","targetHints":{"allow":["GET"]}}],"collection":[{"href":"https:\/\/www.euroxr-association.org\/conference2022\/wp-json\/wp\/v2\/pages"}],"about":[{"href":"https:\/\/www.euroxr-association.org\/conference2022\/wp-json\/wp\/v2\/types\/page"}],"author":[{"embeddable":true,"href":"https:\/\/www.euroxr-association.org\/conference2022\/wp-json\/wp\/v2\/users\/5"}],"replies":[{"embeddable":true,"href":"https:\/\/www.euroxr-association.org\/conference2022\/wp-json\/wp\/v2\/comments?post=392"}],"version-history":[{"count":100,"href":"https:\/\/www.euroxr-association.org\/conference2022\/wp-json\/wp\/v2\/pages\/392\/revisions"}],"predecessor-version":[{"id":2938,"href":"https:\/\/www.euroxr-association.org\/conference2022\/wp-json\/wp\/v2\/pages\/392\/revisions\/2938"}],"wp:attachment":[{"href":"https:\/\/www.euroxr-association.org\/conference2022\/wp-json\/wp\/v2\/media?parent=392"}],"curies":[{"name":"wp","href":"https:\/\/api.w.org\/{rel}","templated":true}]}}